{"id":316,"date":"2018-05-25T14:09:57","date_gmt":"2018-05-25T13:09:57","guid":{"rendered":"http:\/\/www.muota-garage.ch\/?page_id=316"},"modified":"2019-06-28T10:27:02","modified_gmt":"2019-06-28T09:27:02","slug":"after-sales","status":"publish","type":"page","link":"https:\/\/www.muota-garage.ch\/index.php\/after-sales\/","title":{"rendered":"After-Sales"},"content":{"rendered":"<p><strong>S\u00e4mtliches original Zubeh\u00f6r der Marken RENAULT und DACIA ist bei uns erh\u00e4ltlich!<\/strong><\/p>\n<p><strong>Sie w\u00fcnschen fahrzeugspezifisches Zubeh\u00f6r um Ihren Alltag oder Ihre Freizeit zu optimieren oder erleichtern?<\/strong><\/p>\n<p><strong>Mehr und vorallem einfacher transportieren?<\/strong><br \/>\n<img loading=\"lazy\" decoding=\"async\" class=\"aligncenter size-full wp-image-321\" src=\"http:\/\/www.muota-garage.ch\/wp-content\/uploads\/2018\/05\/Abnehmbare-AHK.png\" alt=\"\" width=\"368\" height=\"211\" srcset=\"https:\/\/www.muota-garage.ch\/wp-content\/uploads\/2018\/05\/Abnehmbare-AHK.png 368w, https:\/\/www.muota-garage.ch\/wp-content\/uploads\/2018\/05\/Abnehmbare-AHK-300x172.png 300w\" sizes=\"auto, (max-width: 368px) 100vw, 368px\" \/><img loading=\"lazy\" decoding=\"async\" class=\"aligncenter size-full wp-image-326\" src=\"http:\/\/www.muota-garage.ch\/wp-content\/uploads\/2018\/05\/Skitr\u00e4ger-Megane.png\" alt=\"\" width=\"456\" height=\"332\" srcset=\"https:\/\/www.muota-garage.ch\/wp-content\/uploads\/2018\/05\/Skitr\u00e4ger-Megane.png 456w, https:\/\/www.muota-garage.ch\/wp-content\/uploads\/2018\/05\/Skitr\u00e4ger-Megane-300x218.png 300w\" sizes=\"auto, (max-width: 456px) 100vw, 456px\" \/><\/p>\n<p><strong>Noch besseres Klangerlebnis Ihrer Audioanlage?<\/strong><br \/>\n<img loading=\"lazy\" decoding=\"async\" class=\"aligncenter size-full wp-image-322\" src=\"http:\/\/www.muota-garage.ch\/wp-content\/uploads\/2018\/05\/Focal-Megane.png\" alt=\"\" width=\"930\" height=\"308\" srcset=\"https:\/\/www.muota-garage.ch\/wp-content\/uploads\/2018\/05\/Focal-Megane.png 930w, https:\/\/www.muota-garage.ch\/wp-content\/uploads\/2018\/05\/Focal-Megane-300x99.png 300w, https:\/\/www.muota-garage.ch\/wp-content\/uploads\/2018\/05\/Focal-Megane-768x254.png 768w\" sizes=\"auto, (max-width: 930px) 100vw, 930px\" \/><\/p>\n<p><strong>Allgemeiner Schutz und Werterhaltung Ihres Fahrzeugs?<\/strong><br \/>\n<img loading=\"lazy\" decoding=\"async\" class=\"aligncenter size-full wp-image-323\" src=\"http:\/\/www.muota-garage.ch\/wp-content\/uploads\/2018\/05\/Hund-Megane.png\" alt=\"\" width=\"512\" height=\"301\" srcset=\"https:\/\/www.muota-garage.ch\/wp-content\/uploads\/2018\/05\/Hund-Megane.png 512w, https:\/\/www.muota-garage.ch\/wp-content\/uploads\/2018\/05\/Hund-Megane-300x176.png 300w\" sizes=\"auto, (max-width: 512px) 100vw, 512px\" \/><br \/>\n<strong><br \/>\nGerne zeigen wir Ihnen unser original Zubeh\u00f6rsortiment.<\/strong><\/p>\n","protected":false},"excerpt":{"rendered":"<p>S\u00e4mtliches original Zubeh\u00f6r der Marken RENAULT und DACIA ist bei uns erh\u00e4ltlich! Sie w\u00fcnschen fahrzeugspezifisches Zubeh\u00f6r um Ihren Alltag oder Ihre Freizeit zu optimieren oder erleichtern? Mehr und vorallem einfacher transportieren? Noch besseres Klangerlebnis Ihrer Audioanlage? Allgemeiner Schutz und Werterhaltung Ihres Fahrzeugs? Gerne zeigen wir Ihnen unser original Zubeh\u00f6rsortiment.<\/p>\n","protected":false},"author":1,"featured_media":0,"parent":0,"menu_order":0,"comment_status":"closed","ping_status":"closed","template":"","meta":{"ngg_post_thumbnail":0,"footnotes":""},"class_list":["post-316","page","type-page","status-publish","hentry"],"_links":{"self":[{"href":"https:\/\/www.muota-garage.ch\/index.php\/wp-json\/wp\/v2\/pages\/316","targetHints":{"allow":["GET"]}}],"collection":[{"href":"https:\/\/www.muota-garage.ch\/index.php\/wp-json\/wp\/v2\/pages"}],"about":[{"href":"https:\/\/www.muota-garage.ch\/index.php\/wp-json\/wp\/v2\/types\/page"}],"author":[{"embeddable":true,"href":"https:\/\/www.muota-garage.ch\/index.php\/wp-json\/wp\/v2\/users\/1"}],"replies":[{"embeddable":true,"href":"https:\/\/www.muota-garage.ch\/index.php\/wp-json\/wp\/v2\/comments?post=316"}],"version-history":[{"count":10,"href":"https:\/\/www.muota-garage.ch\/index.php\/wp-json\/wp\/v2\/pages\/316\/revisions"}],"predecessor-version":[{"id":709,"href":"https:\/\/www.muota-garage.ch\/index.php\/wp-json\/wp\/v2\/pages\/316\/revisions\/709"}],"wp:attachment":[{"href":"https:\/\/www.muota-garage.ch\/index.php\/wp-json\/wp\/v2\/media?parent=316"}],"curies":[{"name":"wp","href":"https:\/\/api.w.org\/{rel}","templated":true}]}}