{"id":283,"date":"2018-02-22T11:27:24","date_gmt":"2018-02-22T10:27:24","guid":{"rendered":"http:\/\/www.muota-garage.ch\/?page_id=283"},"modified":"2018-12-03T14:51:36","modified_gmt":"2018-12-03T13:51:36","slug":"wellness","status":"publish","type":"page","link":"https:\/\/www.muota-garage.ch\/index.php\/wellness\/","title":{"rendered":"Wellness"},"content":{"rendered":"<p><strong>Sie w\u00fcnschen eine professionelle Pflege f\u00fcr Ihr Fahrzeug?<\/strong><\/p>\n<p>Sie m\u00f6chten wieder einen erfrischenden Geruch im Fahrzeuginnenraum?<\/p>\n<p>Stoff oder Ledersitze, die aussehen wie am ersten Tag?<\/p>\n<p>Eine Versiegelung, welche Staub und Schmutz nicht am Lack haften l\u00e4sst?<\/p>\n<p>Keine st\u00f6renden Flugrostflecken an Ihrem Auto?<\/p>\n<p><strong>Unser Wellnessprogramm f\u00fcr Ihr Fahrzeug l\u00e4sst keine W\u00fcnsche offen!<\/strong><br \/>\n<strong><br \/>\nInformieren Sie sich jetzt \u00fcber unsere bestehenden Wellness-Programme, oder stellen Sie Ihr individuelles Programm f\u00fcr Ihr&nbsp;&nbsp;&nbsp;&nbsp;&nbsp;&nbsp; Auto zusammen!<\/strong><\/p>\n","protected":false},"excerpt":{"rendered":"<p>Sie w\u00fcnschen eine professionelle Pflege f\u00fcr Ihr Fahrzeug? Sie m\u00f6chten wieder einen erfrischenden Geruch im Fahrzeuginnenraum? Stoff oder Ledersitze, die aussehen wie am ersten Tag? Eine Versiegelung, welche Staub und Schmutz nicht am Lack haften l\u00e4sst? Keine st\u00f6renden Flugrostflecken an Ihrem Auto? Unser Wellnessprogramm f\u00fcr Ihr Fahrzeug l\u00e4sst keine W\u00fcnsche offen! Informieren Sie sich jetzt &hellip; <a href=\"https:\/\/www.muota-garage.ch\/index.php\/wellness\/\" class=\"more-link\"><span class=\"screen-reader-text\">Wellness<\/span> weiterlesen <span class=\"meta-nav\">&rarr;<\/span><\/a><\/p>\n","protected":false},"author":1,"featured_media":0,"parent":0,"menu_order":0,"comment_status":"closed","ping_status":"closed","template":"","meta":{"ngg_post_thumbnail":0,"footnotes":""},"class_list":["post-283","page","type-page","status-publish","hentry"],"_links":{"self":[{"href":"https:\/\/www.muota-garage.ch\/index.php\/wp-json\/wp\/v2\/pages\/283","targetHints":{"allow":["GET"]}}],"collection":[{"href":"https:\/\/www.muota-garage.ch\/index.php\/wp-json\/wp\/v2\/pages"}],"about":[{"href":"https:\/\/www.muota-garage.ch\/index.php\/wp-json\/wp\/v2\/types\/page"}],"author":[{"embeddable":true,"href":"https:\/\/www.muota-garage.ch\/index.php\/wp-json\/wp\/v2\/users\/1"}],"replies":[{"embeddable":true,"href":"https:\/\/www.muota-garage.ch\/index.php\/wp-json\/wp\/v2\/comments?post=283"}],"version-history":[{"count":5,"href":"https:\/\/www.muota-garage.ch\/index.php\/wp-json\/wp\/v2\/pages\/283\/revisions"}],"predecessor-version":[{"id":390,"href":"https:\/\/www.muota-garage.ch\/index.php\/wp-json\/wp\/v2\/pages\/283\/revisions\/390"}],"wp:attachment":[{"href":"https:\/\/www.muota-garage.ch\/index.php\/wp-json\/wp\/v2\/media?parent=283"}],"curies":[{"name":"wp","href":"https:\/\/api.w.org\/{rel}","templated":true}]}}